{"id":7493,"date":"2024-09-30T06:08:59","date_gmt":"2024-09-30T04:08:59","guid":{"rendered":"https:\/\/mop.bezpecneweby.cz\/login\/"},"modified":"2025-07-10T17:57:30","modified_gmt":"2025-07-10T15:57:30","slug":"login","status":"publish","type":"page","link":"https:\/\/mop.bezpecneweby.cz\/en\/","title":{"rendered":"Login"},"content":{"rendered":"\n<div class=\"wp-block-columns alignfull are-vertically-aligned-center add-full-height are-login is-layout-flex wp-container-core-columns-is-layout-9d6595d7 wp-block-columns-is-layout-flex\">\n<div class=\"wp-block-column is-vertically-aligned-center is-layout-flow wp-block-column-is-layout-flow\">\n<figure class=\"wp-block-image size-large\"><img loading=\"lazy\" decoding=\"async\" width=\"1024\" height=\"1007\" src=\"https:\/\/mop.bezpecneweby.cz\/wp-content\/uploads\/2024\/10\/slide_cocky_skladem-1024x1007.jpg\" alt=\"\" class=\"wp-image-7420\" srcset=\"https:\/\/mop.bezpecneweby.cz\/wp-content\/uploads\/2024\/10\/slide_cocky_skladem-1024x1007.jpg 1024w, https:\/\/mop.bezpecneweby.cz\/wp-content\/uploads\/2024\/10\/slide_cocky_skladem-600x590.jpg 600w, https:\/\/mop.bezpecneweby.cz\/wp-content\/uploads\/2024\/10\/slide_cocky_skladem-64x63.jpg 64w, https:\/\/mop.bezpecneweby.cz\/wp-content\/uploads\/2024\/10\/slide_cocky_skladem-300x295.jpg 300w, https:\/\/mop.bezpecneweby.cz\/wp-content\/uploads\/2024\/10\/slide_cocky_skladem-768x755.jpg 768w, https:\/\/mop.bezpecneweby.cz\/wp-content\/uploads\/2024\/10\/slide_cocky_skladem-875x860.jpg 875w, https:\/\/mop.bezpecneweby.cz\/wp-content\/uploads\/2024\/10\/slide_cocky_skladem.jpg 1200w\" sizes=\"auto, (max-width: 1024px) 100vw, 1024px\" \/><\/figure><\/div>\n\n\n\n<div class=\"wp-block-column is-vertically-aligned-center is-layout-flow wp-block-column-is-layout-flow\">\n<div style=\"height:80px\" aria-hidden=\"true\" class=\"wp-block-spacer\"><\/div>\n\n\n<div class=\"wp-block-image\">\n<figure class=\"aligncenter size-full is-resized\"><img decoding=\"async\" src=\"https:\/\/mop.bezpecneweby.cz\/wp-content\/uploads\/2024\/09\/logo-vertical.svg\" alt=\"\" class=\"wp-image-22\" style=\"width:250px\"\/><\/figure><\/div>\n\n\n<h3 class=\"wp-block-heading has-text-align-center has-text-color has-link-color wp-elements-351e0a59768f034dfa286fe65800cb1c\" style=\"color:#e41394\"><strong>MARKETING PORTAL<\/strong><\/h3>\n\n\n\n<div style=\"height:30px\" aria-hidden=\"true\" class=\"wp-block-spacer\"><\/div>\n\n\n<form name=\"loginform\" id=\"loginform\" action=\"https:\/\/mop.bezpecneweby.cz\/en\/wp-login.php\" method=\"post\"><p class=\"login-username\">\n\t\t\t\t<label for=\"user_login\">Va\u0161e z\u00e1kaznick\u00e9 \u010d\u00edslo<\/label>\n\t\t\t\t<input type=\"text\" name=\"log\" id=\"user_login\" autocomplete=\"username\" class=\"input\" value=\"\" size=\"20\" \/>\n\t\t\t<\/p><p class=\"login-password\">\n\t\t\t\t<label for=\"user_pass\">V\u00e1\u0161 z\u00e1kaznick\u00fd k\u00f3d<\/label>\n\t\t\t\t<input type=\"password\" name=\"pwd\" id=\"user_pass\" autocomplete=\"current-password\" spellcheck=\"false\" class=\"input\" value=\"\" size=\"20\" \/>\n\t\t\t<\/p><p class=\"login-remember\"><label><input name=\"rememberme\" type=\"checkbox\" id=\"rememberme\" value=\"forever\" \/> Remember Me<\/label><\/p><p class=\"login-submit\">\n\t\t\t\t<input type=\"submit\" name=\"wp-submit\" id=\"wp-submit\" class=\"button button-primary\" value=\"Log In\" \/>\n\t\t\t\t<input type=\"hidden\" name=\"redirect_to\" value=\"https:\/\/mop.bezpecneweby.cz\/uvod\/\" \/>\n\t\t\t<\/p><\/form>\n\n\n\n<p class=\"has-text-align-center\">Please log in with the same credentials,<br\/>as you do for other Omega Optix platforms<br\/>(e.g. Webtracking Billing, Omega Direct).<\/p>\n\n\n\n<div style=\"height:80px\" aria-hidden=\"true\" class=\"wp-block-spacer\"><\/div>\n<\/div>\n<\/div>\n","protected":false},"excerpt":{"rendered":"<p>MARKETING PORTAL Please log in with the same credentials,as you do for other Omega Optix platforms(e.g. Webtracking Billing, Omega Direct).<\/p>\n","protected":false},"author":1,"featured_media":0,"parent":0,"menu_order":0,"comment_status":"closed","ping_status":"closed","template":"page-hide-header-footer-title.php","meta":{"footnotes":""},"class_list":["post-7493","page","type-page","status-publish","hentry"],"_links":{"self":[{"href":"https:\/\/mop.bezpecneweby.cz\/en\/wp-json\/wp\/v2\/pages\/7493","targetHints":{"allow":["GET"]}}],"collection":[{"href":"https:\/\/mop.bezpecneweby.cz\/en\/wp-json\/wp\/v2\/pages"}],"about":[{"href":"https:\/\/mop.bezpecneweby.cz\/en\/wp-json\/wp\/v2\/types\/page"}],"author":[{"embeddable":true,"href":"https:\/\/mop.bezpecneweby.cz\/en\/wp-json\/wp\/v2\/users\/1"}],"replies":[{"embeddable":true,"href":"https:\/\/mop.bezpecneweby.cz\/en\/wp-json\/wp\/v2\/comments?post=7493"}],"version-history":[{"count":0,"href":"https:\/\/mop.bezpecneweby.cz\/en\/wp-json\/wp\/v2\/pages\/7493\/revisions"}],"wp:attachment":[{"href":"https:\/\/mop.bezpecneweby.cz\/en\/wp-json\/wp\/v2\/media?parent=7493"}],"curies":[{"name":"wp","href":"https:\/\/api.w.org\/{rel}","templated":true}]}}